{"id":3054,"date":"2023-09-21T02:54:53","date_gmt":"2023-09-21T02:54:53","guid":{"rendered":"https:\/\/tapiti.com.py\/?page_id=3054"},"modified":"2026-02-25T09:34:54","modified_gmt":"2026-02-25T09:34:54","slug":"denuncia","status":"publish","type":"page","link":"https:\/\/tapiti.com.py\/index.php\/denuncia\/","title":{"rendered":"Linea \u00c9tica"},"content":{"rendered":"<div class=\"\" style=\"\" >\n    \n    <section class=\"u-align-center u-clearfix u-container-align-center u-section-2\" id=\"sec-022d\">\n      <div class=\"u-clearfix u-sheet u-sheet-1\">\n        <h2 class=\"u-subtitle u-text u-text-1\">L\u00cdNEA \u00c9TICA<span style=\"font-weight: 700;\"><\/span>\n          <br>\n        <\/h2>\n        <h2 class=\"u-align-center-xs u-align-left-lg u-align-left-md u-align-left-sm u-align-left-xl u-text u-text-2\"><span style=\"font-size: 1.25rem;\">La L\u00ednea \u00c9tica es un canal\nconfidencial y seguro dispuesto por la empresa para reportar cualquier\nsituaci\u00f3n que atente contra la \u00e9tica organizacional, incluyendo posibles actos\nde soborno, corrupci\u00f3n, fraude, violaciones al Sistema de Gesti\u00f3n Antisoborno\n(SGAS) o vulneraciones a los Derechos Humanos.&nbsp;<br>\n            <br>Este mecanismo permite comunicar\nconductas contrarias a nuestros principios y valores corporativos: respeto,\nintegridad, disciplina, honestidad, productividad, lealtad, confidencialidad,\ncompromiso, transparencia, profesionalismo, responsabilidad, motivaci\u00f3n,\ncumplimiento de la normatividad internacional y respeto a los Derechos Humanos.&nbsp;<br>\n            <br>La empresa garantiza la\nconfidencialidad de la informaci\u00f3n, la posibilidad de realizar denuncias\nan\u00f3nimas y la prohibici\u00f3n de represalias contra quienes reporten de buena fe.<\/span>\n          <br>\n          <br>La L\u00ednea \u00c9tica NO es:<br>\n        <\/h2>\n        <ul class=\"u-align-justify u-custom-list u-text u-text-3\">\n          <li>\n            <div class=\"u-list-icon\">\n              <svg xmlns=\"http:\/\/www.w3.org\/2000\/svg\" xmlns:xlink=\"http:\/\/www.w3.org\/1999\/xlink\" version=\"1.1\" xml:space=\"preserve\" class=\"u-svg-content\" viewBox=\"0 0 24 24\" id=\"svg-c932\"><path d=\"m23.526 5.101c-.04-.399-.231-.759-.541-1.014l-2.318-1.904c-.639-.524-1.585-.432-2.111.207l-9.745 11.86-3.916-3.355c-.628-.536-1.576-.465-2.115.163l-1.952 2.278c-.261.304-.388.691-.357 1.091s.215.764.52 1.024l7.403 6.346c.275.235.616.361.974.361.044 0 .089-.002.134-.006.405-.036.77-.229 1.028-.542l12.662-15.411c.255-.309.373-.7.334-1.098z\" fill=\"#2196f3\"><\/path><path d=\"m.638 13.173c-.304.354-.452.807-.417 1.273.036.466.251.891.606 1.194l7.403 6.346v.001c.321.273.719.421 1.136.421.052 0 .104-.003.156-.007.472-.042.898-.266 1.199-.632l12.665-15.411c.613-.746.504-1.852-.242-2.464l-2.318-1.904c-.744-.612-1.848-.504-2.463.24l-9.584 11.665-3.722-3.189c-.732-.627-1.839-.543-2.467.189zm3.444-1.329 4.303 3.688c.153.131.348.196.554.178.201-.018.386-.115.514-.271l10.07-12.255c.087-.107.246-.123.352-.035l2.318 1.904c.107.088.123.246.035.353l-12.664 15.41c-.058.07-.132.087-.171.09-.039.006-.115.001-.185-.059l-7.404-6.346c-.068-.059-.083-.132-.086-.171-.003-.038.001-.113.06-.182l1.952-2.278c.089-.102.247-.116.352-.026z\"><\/path><\/svg>\n            <\/div>Un medio para quejas o reclamos administrativos.\n          <\/li>\n          <li>\n            <div class=\"u-list-icon\">\n              <svg xmlns=\"http:\/\/www.w3.org\/2000\/svg\" xmlns:xlink=\"http:\/\/www.w3.org\/1999\/xlink\" version=\"1.1\" xml:space=\"preserve\" class=\"u-svg-content\" viewBox=\"0 0 24 24\" id=\"svg-c932\"><path d=\"m23.526 5.101c-.04-.399-.231-.759-.541-1.014l-2.318-1.904c-.639-.524-1.585-.432-2.111.207l-9.745 11.86-3.916-3.355c-.628-.536-1.576-.465-2.115.163l-1.952 2.278c-.261.304-.388.691-.357 1.091s.215.764.52 1.024l7.403 6.346c.275.235.616.361.974.361.044 0 .089-.002.134-.006.405-.036.77-.229 1.028-.542l12.662-15.411c.255-.309.373-.7.334-1.098z\" fill=\"#2196f3\"><\/path><path d=\"m.638 13.173c-.304.354-.452.807-.417 1.273.036.466.251.891.606 1.194l7.403 6.346v.001c.321.273.719.421 1.136.421.052 0 .104-.003.156-.007.472-.042.898-.266 1.199-.632l12.665-15.411c.613-.746.504-1.852-.242-2.464l-2.318-1.904c-.744-.612-1.848-.504-2.463.24l-9.584 11.665-3.722-3.189c-.732-.627-1.839-.543-2.467.189zm3.444-1.329 4.303 3.688c.153.131.348.196.554.178.201-.018.386-.115.514-.271l10.07-12.255c.087-.107.246-.123.352-.035l2.318 1.904c.107.088.123.246.035.353l-12.664 15.41c-.058.07-.132.087-.171.09-.039.006-.115.001-.185-.059l-7.404-6.346c-.068-.059-.083-.132-.086-.171-.003-.038.001-.113.06-.182l1.952-2.278c.089-.102.247-.116.352-.026z\"><\/path><\/svg>\n            <\/div>Una l\u00ednea de atenci\u00f3n a clientes o usuarios.\n          <\/li>\n          <li>\n            <div class=\"u-list-icon\">\n              <svg xmlns=\"http:\/\/www.w3.org\/2000\/svg\" xmlns:xlink=\"http:\/\/www.w3.org\/1999\/xlink\" version=\"1.1\" xml:space=\"preserve\" class=\"u-svg-content\" viewBox=\"0 0 24 24\" id=\"svg-c932\"><path d=\"m23.526 5.101c-.04-.399-.231-.759-.541-1.014l-2.318-1.904c-.639-.524-1.585-.432-2.111.207l-9.745 11.86-3.916-3.355c-.628-.536-1.576-.465-2.115.163l-1.952 2.278c-.261.304-.388.691-.357 1.091s.215.764.52 1.024l7.403 6.346c.275.235.616.361.974.361.044 0 .089-.002.134-.006.405-.036.77-.229 1.028-.542l12.662-15.411c.255-.309.373-.7.334-1.098z\" fill=\"#2196f3\"><\/path><path d=\"m.638 13.173c-.304.354-.452.807-.417 1.273.036.466.251.891.606 1.194l7.403 6.346v.001c.321.273.719.421 1.136.421.052 0 .104-.003.156-.007.472-.042.898-.266 1.199-.632l12.665-15.411c.613-.746.504-1.852-.242-2.464l-2.318-1.904c-.744-.612-1.848-.504-2.463.24l-9.584 11.665-3.722-3.189c-.732-.627-1.839-.543-2.467.189zm3.444-1.329 4.303 3.688c.153.131.348.196.554.178.201-.018.386-.115.514-.271l10.07-12.255c.087-.107.246-.123.352-.035l2.318 1.904c.107.088.123.246.035.353l-12.664 15.41c-.058.07-.132.087-.171.09-.039.006-.115.001-.185-.059l-7.404-6.346c-.068-.059-.083-.132-.086-.171-.003-.038.001-.113.06-.182l1.952-2.278c.089-.102.247-.116.352-.026z\"><\/path><\/svg>\n            <\/div><span style=\"font-weight: 700;\">Un mecanismo para reportes de clima laboral que no est\u00e9n relacionados\n     con faltas \u00e9ticas, soborno o vulneraciones de derechos. <\/span>\n            <br>\n          <\/li>\n        <\/ul>\n        <a href=\"https:\/\/tapiti.com.py\/index.php\/codigo-de-conducta\/\" class=\"u-btn u-btn-round u-button-style u-hover-palette-2-base u-palette-3-base u-radius-21 u-btn-1\">vea nuestro c\u00f3digo de conducta<\/a>\n        <a href=\"https:\/\/tapiti.com.py\/wp-content\/uploads\/2026\/02\/CODIGODEETICAANTISOBORNO.pdf\" class=\"u-btn u-btn-round u-button-style u-file-link u-hover-palette-2-base u-palette-3-base u-radius-21 u-btn-2\" target=\"_blank\">vea nuestro c\u00f3digo de etica antisoborno<\/a>\n        <h2 class=\"u-align-center u-text u-text-4\">Reporte <\/h2>\n        <div class=\"u-align-center u-expanded-width u-form u-grey-5 u-form-1\">\n          <form action=\"https:\/\/tapiti.com.py\/wp-content\/plugins\/nicepage\/templates\/form.php?id=3054&formId=b1a0-022d\" class=\"u-clearfix u-form-spacing-10 u-form-vertical u-inner-form\" style=\"padding: 10px\" source=\"customphp\" name=\"formulario de Denuncias\">\n            <div class=\"u-form-date u-form-group u-label-flag u-form-group-1\">\n              <label for=\"date-7ca8\" class=\"u-label u-text-palette-5-dark-3 u-label-1\">Fecha<\/label>\n              <input type=\"text\" readonly=\"readonly\" placeholder=\"MM\/DD\/AAAA\" id=\"date-7ca8\" name=\"date\" class=\"u-border-palette-3-base u-input u-input-rectangle u-radius-33 u-text-black\" required=\"\" data-date-format=\"mm\/dd\/yyyy\">\n            <\/div>\n            <div class=\"u-form-group u-form-select u-label-flag u-form-group-2\">\n              <label for=\"select-728f\" class=\"u-label u-text-palette-5-dark-3 u-label-2\">Evento a Reportar<\/label>\n              <div class=\"u-form-select-wrapper\">\n                <select id=\"select-728f\" name=\"evento\" class=\"u-border-palette-3-base u-input u-input-rectangle u-radius-33 u-text-black\" required=\"required\">\n                  <option value=\"Uso Indebido de la Fuerza\" data-calc=\"\">Uso Indebido de la Fuerza<\/option>\n                  <option value=\"Discriminaci\u00f3n\" data-calc=\"\">Discriminaci\u00f3n<\/option>\n                  <option value=\"Violaci\u00f3n de Derechos Humanos\" data-calc=\"\">Violaci\u00f3n de Derechos Humanos<\/option>\n                  <option value=\"Violaci\u00f3n de Libertades Fundamentales\" data-calc=\"\">Violaci\u00f3n de Libertades Fundamentales<\/option>\n                  <option value=\"Soborno\/Corrupci\u00f3n\" data-calc=\"\">Soborno\/Corrupci\u00f3n<\/option>\n                <\/select>\n                <svg class=\"u-caret u-caret-svg u-text-black\" version=\"1.1\" id=\"Layer_1\" xmlns=\"http:\/\/www.w3.org\/2000\/svg\" xmlns:xlink=\"http:\/\/www.w3.org\/1999\/xlink\" x=\"0px\" y=\"0px\" width=\"16px\" height=\"16px\" viewBox=\"0 0 16 16\" style=\"fill:currentColor;\" xml:space=\"preserve\"><polygon class=\"st0\" points=\"8,12 2,4 14,4 \"><\/polygon><\/svg>\n              <\/div>\n            <\/div>\n            <div class=\"u-form-group u-form-message u-label-flag u-form-group-3\">\n              <label for=\"message-de65\" class=\"u-label u-text-palette-5-dark-3 u-label-3\">Descripci\u00f3n<\/label>\n              <textarea placeholder=\"Ingrese la descripcion\" rows=\"4\" cols=\"50\" id=\"message-de65\" name=\"message\" class=\"u-border-palette-3-base u-input u-input-rectangle u-radius-33 u-text-black\" required=\"\"><\/textarea>\n            <\/div>\n            <div class=\"u-form-group u-form-name u-label-flag u-form-group-4\">\n              <label for=\"name-d7f4\" class=\"u-label u-text-palette-5-dark-3 u-label-4\">Nombre de la persona implicada en el hecho que desea reportar<\/label>\n              <input type=\"text\" placeholder=\"Introduzca su nombre\" id=\"name-d7f4\" name=\"name\" class=\"u-border-palette-3-base u-input u-input-rectangle u-radius-33 u-text-black\" required=\"\">\n            <\/div>\n            <div class=\"u-form-group u-form-textarea u-label-flag u-form-group-5\">\n              <label for=\"textarea-5412\" class=\"u-label u-text-palette-5-dark-3 u-label-5\">\u00bfCu\u00e1l es la relaci\u00f3n de esa persona con la Empresa?<\/label>\n              <textarea rows=\"4\" cols=\"50\" id=\"textarea-5412\" name=\"textarea\" class=\"u-border-palette-3-base u-input u-input-rectangle u-radius-33 u-text-black\" required=\"\"><\/textarea>\n            <\/div>\n            <div class=\"u-form-group u-label-flag u-form-group-6\">\n              <label for=\"text-a9cf\" class=\"u-label u-text-palette-5-dark-3 u-label-6\">Dependencia a la que pertenece la persona<\/label>\n              <input type=\"text\" placeholder=\"\" id=\"text-a9cf\" name=\"text\" class=\"u-border-palette-3-base u-input u-input-rectangle u-radius-33 u-text-black\">\n            <\/div>\n            <div class=\"u-form-group u-form-select u-label-flag u-form-group-7\">\n              <label for=\"select-1d74\" class=\"u-label u-text-palette-5-dark-3 u-label-7\">\u00bfDesea que su reporte sea an\u00f3nimo?<\/label>\n              <div class=\"u-form-select-wrapper\">\n                <select id=\"select-1d74\" name=\"select-2\" class=\"u-border-palette-3-base u-input u-input-rectangle u-radius-33 u-text-black\">\n                  <option value=\"SI\" data-calc=\"\">SI<\/option>\n                  <option value=\"NO\" data-calc=\"\">NO<\/option>\n                <\/select>\n                <svg class=\"u-caret u-caret-svg u-text-black\" version=\"1.1\" id=\"Layer_1\" xmlns=\"http:\/\/www.w3.org\/2000\/svg\" xmlns:xlink=\"http:\/\/www.w3.org\/1999\/xlink\" x=\"0px\" y=\"0px\" width=\"16px\" height=\"16px\" viewBox=\"0 0 16 16\" style=\"fill:currentColor;\" xml:space=\"preserve\"><polygon class=\"st0\" points=\"8,12 2,4 14,4 \"><\/polygon><\/svg>\n              <\/div>\n            <\/div>\n            <div class=\"u-form-group u-form-name u-label-flag u-form-group-8\">\n              <label for=\"name-6dc0\" class=\"u-label u-text-palette-5-dark-3 u-label-8\">Indique su Nombre completo<\/label>\n              <input type=\"text\" id=\"name-6dc0\" name=\"name-1\" class=\"u-border-palette-3-base u-input u-input-rectangle u-radius-33 u-text-black\" required=\"\">\n            <\/div>\n            <div class=\"u-form-email u-form-group u-label-flag u-form-group-9\">\n              <label for=\"email-29a9\" class=\"u-label u-text-palette-5-dark-3 u-label-9\">\u00bfCu\u00e1l es su correo electr\u00f3nico?<\/label>\n              <input type=\"email\" placeholder=\"Introduzca una direcci\u00f3n de correo electr\u00f3nico v\u00e1lida\" id=\"email-29a9\" name=\"email\" class=\"u-border-palette-3-base u-input u-input-rectangle u-radius-33 u-text-black\" required=\"\">\n            <\/div>\n            <div class=\"u-form-group u-form-phone u-label-flag u-form-group-10\">\n              <label for=\"phone-f570\" class=\"u-label u-text-palette-5-dark-3 u-label-10\">Tel\u00e9fono Fijo \/ Celular<\/label>\n              <div class=\"iti iti--allow-dropdown\">\n                <div class=\"iti__flag-container\">\n                  <div class=\"iti__selected-flag\" role=\"combobox\" aria-controls=\"iti-0__country-listbox\" aria-owns=\"iti-0__country-listbox\" aria-expanded=\"false\" tabindex=\"0\" title=\"United States: +1\" aria-activedescendant=\"iti-0__item-us-preferred\"><!--div class=\"iti__flag iti__us\"><\/div-->\n                    <svg version=\"1.1\" id=\"Layer_1\" xmlns=\"http:\/\/www.w3.org\/2000\/svg\" xmlns:xlink=\"http:\/\/www.w3.org\/1999\/xlink\" x=\"0px\" y=\"0px\" width=\"112px\" height=\"112px\" viewBox=\"0 0 112 112\" enable-background=\"new 0 0 112 112\" xml:space=\"preserve\" style=\"width: 1.2em; height: 1.2em;\"><rect y=\"76\" fill=\"#B5002A\" width=\"112\" height=\"20\"><\/rect><rect y=\"16\" fill=\"#B5002A\" width=\"112\" height=\"20\"><\/rect><rect y=\"36\" fill=\"#F4C327\" width=\"112\" height=\"40\"><\/rect><path fill=\"#CACACA\" d=\"M27.5,69.9c-3,0-6-0.7-8.4-1.9c-1.8-0.9-3-2.7-3-4.8v-7.5h22.9v7.5c0,2.1-1.2,3.9-3,4.8\n\tC33.4,69.2,30.5,69.9,27.5,69.9L27.5,69.9z\"><\/path><rect x=\"27.5\" y=\"43\" fill=\"#CACACA\" width=\"11.5\" height=\"12.6\"><\/rect><path fill=\"#9D0025\" d=\"M27.5,63.2c0,3-2.5,5.4-5.7,5.4c-3.2,0-5.7-2.4-5.7-5.4v-7.6h11.4V63.2L27.5,63.2z\"><\/path><path fill=\"#C1B020\" d=\"M18.5,67.6c0.4,0.2,0.9,0.5,1.4,0.6l0-12.9h-1.4V67.6z\"><\/path><path fill=\"#C1B020\" d=\"M16,63.1c0,1.6,0.7,2.8,1.3,3.6V55.4H16L16,63.1z\"><\/path><path fill=\"#C0B420\" d=\"M21.1,68.6c0.5,0.1,0.9,0,1.3,0V55.4h-1.3V68.6z\"><\/path><path fill=\"#C1B020\" d=\"M23.6,68.3c0.5-0.1,1.1-0.4,1.4-0.6V55.4h-1.3L23.6,68.3z\"><\/path><rect x=\"16\" y=\"43\" fill=\"#9D0025\" width=\"11.4\" height=\"12.6\"><\/rect><path fill=\"#C1B020\" d=\"M26.2,66.5c0.5-0.5,1.1-1.6,1.3-2.9l0-8.3h-1.3L26.2,66.5z\"><\/path><g><path d=\"M26.2,66.7l0-11.3l1.4-0.1l0,8.3c-0.2,1.3-0.7,2.4-1.3,2.9L26.2,66.7L26.2,66.7z M27.5,55.4l-1.3,0.1l0.1,11\n\t\tc0.5-0.5,1-1.6,1.1-2.8L27.5,55.4L27.5,55.4z\"><\/path>\n<\/g><path fill=\"#9D0025\" d=\"M39,55.6v7.6c0,3-2.6,5.4-5.7,5.4c-3.2,0-5.7-2.4-5.7-5.4v-7.6H39L39,55.6z\"><\/path><\/svg>\n                    <div class=\"iti__arrow\"><\/div>\n                  <\/div>\n                <\/div>\n                <input type=\"tel\" placeholder=\"Ingrese su tel\u00e9fono\" id=\"phone-f570\" name=\"phone\" class=\"u-border-1 u-border-palette-3-base u-input u-input-rectangle u-radius-33 u-text-black u-white\" required=\"\">\n              <\/div>\n            <\/div>\n            <div class=\"u-form-group u-form-select u-label-flag u-form-group-11\">\n              <label for=\"select-6c65\" class=\"u-label u-text-palette-5-dark-3 u-label-11\">\u00bfCu\u00e1l es su relaci\u00f3n con la Empresa?<\/label>\n              <div class=\"u-form-select-wrapper\">\n                <select id=\"select-6c65\" name=\"select-3\" class=\"u-border-palette-3-base u-input u-input-rectangle u-radius-33 u-text-black\" required=\"required\">\n                  <option value=\"Autoridad\" data-calc=\"\">Autoridad<\/option>\n                  <option value=\"Cliente\" data-calc=\"\">Cliente<\/option>\n                  <option value=\"Colaborador\" data-calc=\"\">Colaborador<\/option>\n                  <option value=\"Contratista\" data-calc=\"\">Contratista<\/option>\n                  <option value=\"Empleado Retirado\" data-calc=\"\">Empleado Retirado<\/option>\n                  <option value=\"Entidad de Gobierno\" data-calc=\"\">Entidad de Gobierno<\/option>\n                  <option value=\"Proveedor\" data-calc=\"\">Proveedor<\/option>\n                  <option value=\"Comunidad\" data-calc=\"\">Comunidad<\/option>\n                  <option value=\"Visitante\" data-calc=\"\">Visitante<\/option>\n                  <option value=\"Candidato\" data-calc=\"\">Candidato<\/option>\n                <\/select>\n                <svg class=\"u-caret u-caret-svg u-text-black\" version=\"1.1\" id=\"Layer_1\" xmlns=\"http:\/\/www.w3.org\/2000\/svg\" xmlns:xlink=\"http:\/\/www.w3.org\/1999\/xlink\" x=\"0px\" y=\"0px\" width=\"16px\" height=\"16px\" viewBox=\"0 0 16 16\" style=\"fill:currentColor;\" xml:space=\"preserve\"><polygon class=\"st0\" points=\"8,12 2,4 14,4 \"><\/polygon><\/svg>\n              <\/div>\n            <\/div>\n            <div class=\"u-form-group u-form-select u-label-flag u-form-group-12\">\n              <label for=\"select-5e86\" class=\"u-label u-text-palette-5-dark-3 u-label-12\">\u00bfAutoriza el tratamiento de datos personales?<\/label>\n              <div class=\"u-form-select-wrapper\">\n                <select id=\"select-5e86\" name=\"select-4\" class=\"u-border-palette-3-base u-input u-input-rectangle u-radius-33 u-text-black\" required=\"required\">\n                  <option value=\"SI\" data-calc=\"\">SI<\/option>\n                  <option value=\"NO\" data-calc=\"\">NO<\/option>\n                <\/select>\n                <svg class=\"u-caret u-caret-svg u-text-black\" version=\"1.1\" id=\"Layer_1\" xmlns=\"http:\/\/www.w3.org\/2000\/svg\" xmlns:xlink=\"http:\/\/www.w3.org\/1999\/xlink\" x=\"0px\" y=\"0px\" width=\"16px\" height=\"16px\" viewBox=\"0 0 16 16\" style=\"fill:currentColor;\" xml:space=\"preserve\"><polygon class=\"st0\" points=\"8,12 2,4 14,4 \"><\/polygon><\/svg>\n              <\/div>\n            <\/div>\n            <div class=\"u-border-3 u-border-grey-dark-1 u-form-group u-form-line u-label-flag u-line u-line-horizontal u-line-1\"><\/div>\n            <p class=\"infinite u-form-group u-form-text u-label-flag u-text u-text-5\" data-animation-name=\"pulse\" data-animation-direction=\"\" data-animation-duration=\"2750\" data-animation-delay=\"750\">Tambi\u00e9n puedes contactarnos v\u00eda telef\u00f3nica al&nbsp;0983235300 o mediante correo electr\u00f3nico&nbsp;<a href=\"mailto:quejasysugerencias@gcproteccion.com.mx\" target=\"_blank\" rel=\"nofollow\" class=\"u-btn u-button-link u-button-style u-text-palette-4-base u-btn-3\">lineaetica@tapiti.com.py<br>\n              <\/a>\n            <\/p>\n            <div class=\"u-border-3 u-border-grey-dark-1 u-form-group u-form-line u-label-flag u-line u-line-horizontal u-line-2\"><\/div>\n            <div class=\"u-align-center u-form-group u-form-submit u-label-flag\">\n              <a href=\"#\" class=\"u-border-2 u-border-palette-3-base u-btn u-btn-round u-btn-submit u-button-style u-custom-color-3 u-hover-palette-1-dark-1 u-radius-14 u-btn-4\">Enviar<br>\n              <\/a>\n              <input type=\"submit\" value=\"submit\" class=\"u-form-control-hidden\">\n            <\/div>\n            <div class=\"u-form-send-message u-form-send-success\">\u00a1Gracias! Tu mensaje ha sido enviado.<\/div>\n            <div class=\"u-form-send-error u-form-send-message\">No se puede enviar su mensaje. Corrija los errores y vuelva a intentarlo.<\/div>\n            <input type=\"hidden\" value=\"\" name=\"recaptchaResponse\">\n          <\/form>\n        <\/div>\n      <\/div>\n    <\/section>\n    \n    \n    \n    \n    \n    \n    \n    \n    \n    \n    \n    \n    \n    \n  \n<\/div>","protected":false},"excerpt":{"rendered":"<p>L\u00cdNEA \u00c9TICA La L\u00ednea \u00c9tica es un canal confidencial y seguro dispuesto por la empresa para reportar cualquier situaci\u00f3n que atente contra la \u00e9tica organizacional, incluyendo posibles actos de soborno, corrupci\u00f3n, fraude, violaciones al Sistema de Gesti\u00f3n Antisoborno (SGAS) o vulneraciones a los Derechos Humanos.&nbsp; Este mecanismo permite comunicar conductas contrarias a nuestros principios y [&hellip;]<\/p>\n","protected":false},"author":1,"featured_media":0,"parent":0,"menu_order":0,"comment_status":"closed","ping_status":"closed","template":"","meta":[],"_links":{"self":[{"href":"https:\/\/tapiti.com.py\/index.php\/wp-json\/wp\/v2\/pages\/3054"}],"collection":[{"href":"https:\/\/tapiti.com.py\/index.php\/wp-json\/wp\/v2\/pages"}],"about":[{"href":"https:\/\/tapiti.com.py\/index.php\/wp-json\/wp\/v2\/types\/page"}],"author":[{"embeddable":true,"href":"https:\/\/tapiti.com.py\/index.php\/wp-json\/wp\/v2\/users\/1"}],"replies":[{"embeddable":true,"href":"https:\/\/tapiti.com.py\/index.php\/wp-json\/wp\/v2\/comments?post=3054"}],"version-history":[{"count":21,"href":"https:\/\/tapiti.com.py\/index.php\/wp-json\/wp\/v2\/pages\/3054\/revisions"}],"predecessor-version":[{"id":3111,"href":"https:\/\/tapiti.com.py\/index.php\/wp-json\/wp\/v2\/pages\/3054\/revisions\/3111"}],"wp:attachment":[{"href":"https:\/\/tapiti.com.py\/index.php\/wp-json\/wp\/v2\/media?parent=3054"}],"curies":[{"name":"wp","href":"https:\/\/api.w.org\/{rel}","templated":true}]}}