{"id":2962,"date":"2023-02-06T17:02:50","date_gmt":"2023-02-06T17:02:50","guid":{"rendered":"https:\/\/seguridad.servihostpy.com\/?page_id=2962"},"modified":"2026-04-09T18:00:34","modified_gmt":"2026-04-09T18:00:34","slug":"nuestras-politicas","status":"publish","type":"page","link":"https:\/\/tapiti.com.py\/index.php\/nuestras-politicas\/","title":{"rendered":"Nuestras Pol\u00edticas"},"content":{"rendered":"<div class=\"\" style=\"\" >\n    \n    <section class=\"u-clearfix u-section-2\" id=\"block-2\">\n      <div class=\"u-clearfix u-sheet u-valign-middle-xl u-sheet-1\">\n        <div class=\"data-layout-selected u-clearfix u-expanded-width u-gutter-0 u-layout-wrap u-layout-wrap-1\">\n          <div class=\"u-layout\">\n            <div class=\"u-layout-row\">\n              <div class=\"u-container-align-center-sm u-container-align-center-xs u-container-style u-custom-color-3 u-layout-cell u-size-37-md u-size-37-sm u-size-37-xs u-size-40-lg u-size-40-xl u-layout-cell-1\">\n                <div class=\"u-container-layout u-valign-middle-xl u-container-layout-1\">\n                  <h3 class=\"u-align-center-sm u-align-center-xs u-custom-font u-font-roboto u-text u-text-default-xl u-text-1\"><b>POL\u00cdTICA DEL SISTEMA INTEGRADO DE GESTI\u00d3N&nbsp;<\/b>\n                  <\/h3>\n                <\/div>\n              <\/div>\n              <div class=\"u-container-align-center u-container-style u-grey-5 u-layout-cell u-size-20-lg u-size-20-xl u-size-23-md u-size-23-sm u-size-23-xs u-layout-cell-2\">\n                <div class=\"u-container-layout u-valign-middle u-container-layout-2\">\n                  <a href=\"https:\/\/tapiti.com.py\/wp-content\/uploads\/2026\/04\/Polictica_de_sistema_de_gestion.pdf\" class=\"u-align-center u-border-none u-btn u-button-style u-custom-color-3 u-file-link u-btn-1\" target=\"_blank\">Ver Politica <\/a>\n                <\/div>\n              <\/div>\n            <\/div>\n          <\/div>\n        <\/div>\n      <\/div>\n    <\/section>\n    <section class=\"u-clearfix u-white u-section-3\" id=\"carousel_909f\">\n      <div class=\"u-clearfix u-sheet u-valign-middle-lg u-valign-middle-md u-valign-middle-sm u-valign-middle-xs u-sheet-1\">\n        <h1 class=\"u-align-center u-custom-font u-font-roboto u-text u-text-1\">POL\u00cdTICA DE\nALCOHO\u200bL Y DROGAS<br>&nbsp; <br><b>La base para un entor\u200bno de\ntrabajo confiable y seguro&nbsp;<\/b><b><\/b>\n        <\/h1>\n        <p class=\"u-align-justify u-custom-font u-font-roboto u-text u-text-body-color u-text-2\">TAPITI S.R.L., consciente de\nlos efectos adversos que produce el alcoholismo, la drogadicci\u00f3n y el abuso de\nsustancias alucin\u00f3genas, que crean dependencia y ocasionan la alteraci\u00f3n de las\ncapacidades f\u00edsicas y mentales que afectan en gran medida la seguridad,\neficiencia y productividad del trabajador, implementa acciones para brindar a\ntod<span style=\"font-size: 0.75rem;\"><\/span>os sus colaboradores un entorno de trabajo sano y seguro.&nbsp;<br>\n          <br>En el marco de lo expresado\nanteriormente, establece las siguientes prohibiciones: <br>\n          <br>&nbsp;&nbsp;&nbsp; <!--[if !supportLists]-->\u00b7&nbsp;&nbsp;&nbsp;&nbsp;&nbsp;&nbsp;&nbsp; <!--[endif]-->El uso, posesi\u00f3n, distribuci\u00f3n o\ncomercializaci\u00f3n de drogas il\u00edcitas, bebidas embriagantes y el uso de\nsustancias psicotr\u00f3picas o qu\u00edmicas controladas, en las instalaciones de la\nempresa o en el lugar donde desarrolle sus actividades laborales vinculadas a\nesta.<br>\n          <br>&nbsp;\n&nbsp; <!--[if !supportLists]-->\u00b7&nbsp;&nbsp;&nbsp;&nbsp;&nbsp;&nbsp;&nbsp; <!--[endif]-->Presentarse al sitio de trabajo\nbajo la influencia del alcohol, estupefacientes o sustancias psicotr\u00f3picas.&nbsp;<br>\n          <br>Como parte de\nla implementaci\u00f3n, la empresa TAPITI S.R.L, destina los recursos financieros,\nf\u00edsicos y humanos necesarios para dar cumplimiento a esta pol\u00edtica, y fomenta\nla participaci\u00f3n de las partes interesadas en las actividades que se deriven de\nlas mismas para prevenir el consumo de sustancias, apoya campa\u00f1as educativas,\ninformativas y de prevenci\u00f3n, dirigidas a su personal, orientadas a la\nproblem\u00e1tica del consumo indebido, excesivo y\/o cr\u00f3nico de alcohol, drogas y\nsustancias psicoactivas.\n&nbsp;&nbsp;<br>\n          <br>TAPITI\nS.R.L. se reserva el derecho de realizar en cualquier momento inspecciones y pruebas\nde laboratorio a los colaboradores que prestan servicio en la empresa,\nrespetando el derecho a la privacidad, a la intimidad, como as\u00ed tambi\u00e9n el\nsecreto m\u00e9dico que asiste a todas las personas, y en especial el de aquellas a\nlas que se hayan detectado problemas vinculados al consumo de alcohol, drogas y\nsustancias psicoactivas.<br>\n        <\/p>\n      <\/div>\n    <\/section>\n    \n    \n    \n    \n    \n    \n    \n    \n    \n    \n    \n    \n    \n    \n  \n<\/div>","protected":false},"excerpt":{"rendered":"<p>POL\u00cdTICA DEL SISTEMA INTEGRADO DE GESTI\u00d3N&nbsp; Ver Politica POL\u00cdTICA DE ALCOHO\u200bL Y DROGAS&nbsp; La base para un entor\u200bno de trabajo confiable y seguro&nbsp; TAPITI S.R.L., consciente de los efectos adversos que produce el alcoholismo, la drogadicci\u00f3n y el abuso de sustancias alucin\u00f3genas, que crean dependencia y ocasionan la alteraci\u00f3n de las capacidades f\u00edsicas y mentales [&hellip;]<\/p>\n","protected":false},"author":1,"featured_media":0,"parent":0,"menu_order":0,"comment_status":"closed","ping_status":"closed","template":"","meta":[],"_links":{"self":[{"href":"https:\/\/tapiti.com.py\/index.php\/wp-json\/wp\/v2\/pages\/2962"}],"collection":[{"href":"https:\/\/tapiti.com.py\/index.php\/wp-json\/wp\/v2\/pages"}],"about":[{"href":"https:\/\/tapiti.com.py\/index.php\/wp-json\/wp\/v2\/types\/page"}],"author":[{"embeddable":true,"href":"https:\/\/tapiti.com.py\/index.php\/wp-json\/wp\/v2\/users\/1"}],"replies":[{"embeddable":true,"href":"https:\/\/tapiti.com.py\/index.php\/wp-json\/wp\/v2\/comments?post=2962"}],"version-history":[{"count":10,"href":"https:\/\/tapiti.com.py\/index.php\/wp-json\/wp\/v2\/pages\/2962\/revisions"}],"predecessor-version":[{"id":3108,"href":"https:\/\/tapiti.com.py\/index.php\/wp-json\/wp\/v2\/pages\/2962\/revisions\/3108"}],"wp:attachment":[{"href":"https:\/\/tapiti.com.py\/index.php\/wp-json\/wp\/v2\/media?parent=2962"}],"curies":[{"name":"wp","href":"https:\/\/api.w.org\/{rel}","templated":true}]}}