{"id":2244,"date":"2022-12-12T02:24:14","date_gmt":"2022-12-12T02:24:14","guid":{"rendered":"https:\/\/seguridad.servihostpy.com\/?page_id=2244"},"modified":"2023-01-18T17:47:50","modified_gmt":"2023-01-18T17:47:50","slug":"responsabilidad-social","status":"publish","type":"page","link":"https:\/\/tapiti.com.py\/index.php\/responsabilidad-social\/","title":{"rendered":"Responsabilidad Social"},"content":{"rendered":"<div class=\"\" style=\"\" >\n    \n    <section class=\"u-clearfix u-shading u-video u-section-2\" id=\"carousel_ecdd\">\n      <div class=\"u-background-video u-expanded\" style=\"filter: brightness(0.85);\">\n        <div class=\"embed-responsive embed-responsive-1\">\n          <iframe style=\"position: absolute;top: 0;left: 0;width: 100%;height: 100%;\" class=\"embed-responsive-item\" src=\"https:\/\/www.youtube.com\/embed\/WEpVWNJOsRg?playlist=WEpVWNJOsRg&amp;loop=1&amp;mute=1&amp;showinfo=0&amp;controls=0&amp;start=0&amp;autoplay=1\" data-autoplay=\"1\" frameborder=\"0\" allowfullscreen=\"\"><\/iframe>\n        <\/div>\n      <\/div>\n      <div class=\"u-black u-container-style u-expanded-width u-group u-opacity u-opacity-30 u-shape-rectangle u-group-1\">\n        <div class=\"u-container-layout u-container-layout-1\">\n          <h2 class=\"u-align-center u-custom-font u-font-ubuntu u-text u-text-body-alt-color u-text-1\">RESPONSABILIDAD SOCIAL EMPRESARIAL<\/h2>\n          <p class=\"u-align-center u-text u-text-body-alt-color u-text-2\">En TAPITI la Responsabilidad Social va m\u00e1s all\u00e1 de ejecutar iniciativas ocasionales; la asumimos como filosof\u00eda corporativa para actuar en beneficio de todos. De manera permanente renovamos nuestro compromiso de trabajar por la construcci\u00f3n de un entorno m\u00e1s estable y pr\u00f3spero, con la convicci\u00f3n de promover un mayor equilibrio entre el crecimiento empresarial, el impacto ambiental y el bienestar social.<\/p>\n        <\/div>\n      <\/div>\n    <\/section>\n    \n    \n    \n    \n  \n<\/div>","protected":false},"excerpt":{"rendered":"<p>RESPONSABILIDAD SOCIAL EMPRESARIAL En TAPITI la Responsabilidad Social va m\u00e1s all\u00e1 de ejecutar iniciativas ocasionales; la asumimos como filosof\u00eda corporativa para actuar en beneficio de todos. De manera permanente renovamos nuestro compromiso de trabajar por la construcci\u00f3n de un entorno m\u00e1s estable y pr\u00f3spero, con la convicci\u00f3n de promover un mayor equilibrio entre el crecimiento [&hellip;]<\/p>\n","protected":false},"author":1,"featured_media":0,"parent":0,"menu_order":0,"comment_status":"closed","ping_status":"closed","template":"","meta":[],"_links":{"self":[{"href":"https:\/\/tapiti.com.py\/index.php\/wp-json\/wp\/v2\/pages\/2244"}],"collection":[{"href":"https:\/\/tapiti.com.py\/index.php\/wp-json\/wp\/v2\/pages"}],"about":[{"href":"https:\/\/tapiti.com.py\/index.php\/wp-json\/wp\/v2\/types\/page"}],"author":[{"embeddable":true,"href":"https:\/\/tapiti.com.py\/index.php\/wp-json\/wp\/v2\/users\/1"}],"replies":[{"embeddable":true,"href":"https:\/\/tapiti.com.py\/index.php\/wp-json\/wp\/v2\/comments?post=2244"}],"version-history":[{"count":2,"href":"https:\/\/tapiti.com.py\/index.php\/wp-json\/wp\/v2\/pages\/2244\/revisions"}],"predecessor-version":[{"id":2608,"href":"https:\/\/tapiti.com.py\/index.php\/wp-json\/wp\/v2\/pages\/2244\/revisions\/2608"}],"wp:attachment":[{"href":"https:\/\/tapiti.com.py\/index.php\/wp-json\/wp\/v2\/media?parent=2244"}],"curies":[{"name":"wp","href":"https:\/\/api.w.org\/{rel}","templated":true}]}}